{"id":502,"date":"2017-03-13T22:48:42","date_gmt":"2017-03-13T21:48:42","guid":{"rendered":"http:\/\/www.develotech.com\/?page_id=502\/"},"modified":"2025-05-13T19:30:19","modified_gmt":"2025-05-13T23:30:19","slug":"signs","status":"publish","type":"page","link":"https:\/\/www.develotech.com\/en\/sign-pedestrian-crossovers\/signs\/","title":{"rendered":"Signs"},"content":{"rendered":"<p>[vc_row][vc_column][vc_column_text]<\/p>\n<h2>Standard Signs<\/h2>\n<p>[\/vc_column_text][vc_column_text]<\/p>\n<div id='gallery-1' class='gallery galleryid-502 gallery-columns-3 gallery-size-full'><figure class='gallery-item'>\n\t\t\t<div class='gallery-icon portrait'>\n\t\t\t\t<img loading=\"lazy\" decoding=\"async\" width=\"216\" height=\"232\" src=\"https:\/\/www.develotech.com\/wp-content\/uploads\/2017\/03\/PZ-1122.jpg\" class=\"attachment-full size-full\" alt=\"Flexible pedestrian crossover sign\" aria-describedby=\"gallery-1-633\" \/>\n\t\t\t<\/div>\n\t\t\t\t<figcaption class='wp-caption-text gallery-caption' id='gallery-1-633'>\n\t\t\t\tPZ-1122\n\t\t\t\t<\/figcaption><\/figure><figure class='gallery-item'>\n\t\t\t<div class='gallery-icon portrait'>\n\t\t\t\t<img loading=\"lazy\" decoding=\"async\" width=\"216\" height=\"232\" src=\"https:\/\/www.develotech.com\/wp-content\/uploads\/2017\/03\/PZ-1220.jpg\" class=\"attachment-full size-full\" alt=\"Pedestrian Crosswalk sign - Yellow-Green\" aria-describedby=\"gallery-1-602\" \/>\n\t\t\t<\/div>\n\t\t\t\t<figcaption class='wp-caption-text gallery-caption' id='gallery-1-602'>\n\t\t\t\tPZ-1220\n\t\t\t\t<\/figcaption><\/figure><figure class='gallery-item'>\n\t\t\t<div class='gallery-icon portrait'>\n\t\t\t\t<img loading=\"lazy\" decoding=\"async\" width=\"216\" height=\"232\" src=\"https:\/\/www.develotech.com\/wp-content\/uploads\/2017\/03\/PZ-1221.jpg\" class=\"attachment-full size-full\" alt=\"RA-8 sign - Transportation Association of Canada\" aria-describedby=\"gallery-1-604\" \/>\n\t\t\t<\/div>\n\t\t\t\t<figcaption class='wp-caption-text gallery-caption' id='gallery-1-604'>\n\t\t\t\tPZ-1221 ( RA-8 )\n\t\t\t\t<\/figcaption><\/figure><figure class='gallery-item'>\n\t\t\t<div class='gallery-icon portrait'>\n\t\t\t\t<img loading=\"lazy\" decoding=\"async\" width=\"216\" height=\"232\" src=\"https:\/\/www.develotech.com\/wp-content\/uploads\/2018\/04\/PZ-1222-e1522950099911.jpg\" class=\"attachment-full size-full\" alt=\"Flexible pedestrian crossover sign - Caution - STOP for pedestrian\" aria-describedby=\"gallery-1-849\" \/>\n\t\t\t<\/div>\n\t\t\t\t<figcaption class='wp-caption-text gallery-caption' id='gallery-1-849'>\n\t\t\t\tPZ-1222\n\t\t\t\t<\/figcaption><\/figure><figure class='gallery-item'>\n\t\t\t<div class='gallery-icon portrait'>\n\t\t\t\t<img loading=\"lazy\" decoding=\"async\" width=\"216\" height=\"232\" src=\"https:\/\/www.develotech.com\/wp-content\/uploads\/2018\/04\/PZ-1223-e1522949981425.jpg\" class=\"attachment-full size-full\" alt=\"Flexible pedestrian crossover sign - STOP for pedestrian\" aria-describedby=\"gallery-1-847\" \/>\n\t\t\t<\/div>\n\t\t\t\t<figcaption class='wp-caption-text gallery-caption' id='gallery-1-847'>\n\t\t\t\tPZ-1223\n\t\t\t\t<\/figcaption><\/figure><figure class='gallery-item'>\n\t\t\t<div class='gallery-icon portrait'>\n\t\t\t\t<img loading=\"lazy\" decoding=\"async\" width=\"216\" height=\"232\" src=\"https:\/\/www.develotech.com\/wp-content\/uploads\/2025\/05\/PZ-1224.jpg\" class=\"attachment-full size-full\" alt=\"Flexible pedestrian crossover sign - YIELD for pedestrian\" aria-describedby=\"gallery-1-2177\" \/>\n\t\t\t<\/div>\n\t\t\t\t<figcaption class='wp-caption-text gallery-caption' id='gallery-1-2177'>\n\t\t\t\tPZ-1224\n\t\t\t\t<\/figcaption><\/figure><figure class='gallery-item'>\n\t\t\t<div class='gallery-icon portrait'>\n\t\t\t\t<img loading=\"lazy\" decoding=\"async\" width=\"216\" height=\"232\" src=\"https:\/\/www.develotech.com\/wp-content\/uploads\/2017\/03\/PZ-R1-6.jpg\" class=\"attachment-full size-full\" alt=\"In-street pedestrian R1-6 sign\" aria-describedby=\"gallery-1-606\" \/>\n\t\t\t<\/div>\n\t\t\t\t<figcaption class='wp-caption-text gallery-caption' id='gallery-1-606'>\n\t\t\t\tPZ- R1-6\n\t\t\t\t<\/figcaption><\/figure><figure class='gallery-item'>\n\t\t\t<div class='gallery-icon portrait'>\n\t\t\t\t<img loading=\"lazy\" decoding=\"async\" width=\"216\" height=\"232\" src=\"https:\/\/www.develotech.com\/wp-content\/uploads\/2017\/03\/PZ-R1-6a.jpg\" class=\"attachment-full size-full\" alt=\"In-street pedestrian R1-6a sign\" aria-describedby=\"gallery-1-608\" \/>\n\t\t\t<\/div>\n\t\t\t\t<figcaption class='wp-caption-text gallery-caption' id='gallery-1-608'>\n\t\t\t\tPZ- R1-6a\n\t\t\t\t<\/figcaption><\/figure>\n\t\t<\/div>\n\n<p>[\/vc_column_text][\/vc_column][\/vc_row][vc_row][vc_column][vc_column_text]<\/p>\n<h2>Custom Signs<\/h2>\n<p>Note: A surcharge may be applied for design, films and screen printing of custom signs.[\/vc_column_text][vc_column_text]<\/p>\n<div id='gallery-2' class='gallery galleryid-502 gallery-columns-3 gallery-size-full'><figure class='gallery-item'>\n\t\t\t<div class='gallery-icon portrait'>\n\t\t\t\t<img loading=\"lazy\" decoding=\"async\" width=\"216\" height=\"232\" src=\"https:\/\/www.develotech.com\/wp-content\/uploads\/2025\/03\/PZ-10XX.jpg\" class=\"attachment-full size-full\" alt=\"Pedestrian crossover custom sign\" aria-describedby=\"gallery-2-2156\" \/>\n\t\t\t<\/div>\n\t\t\t\t<figcaption class='wp-caption-text gallery-caption' id='gallery-2-2156'>\n\t\t\t\tPZ-10XX (White)\n\t\t\t\t<\/figcaption><\/figure><figure class='gallery-item'>\n\t\t\t<div class='gallery-icon portrait'>\n\t\t\t\t<img loading=\"lazy\" decoding=\"async\" width=\"216\" height=\"232\" src=\"https:\/\/www.develotech.com\/wp-content\/uploads\/2025\/03\/PZ-11XX.jpg\" class=\"attachment-full size-full\" alt=\"\" aria-describedby=\"gallery-2-2158\" \/>\n\t\t\t<\/div>\n\t\t\t\t<figcaption class='wp-caption-text gallery-caption' id='gallery-2-2158'>\n\t\t\t\tPZ-11XX (Yellow)\n\t\t\t\t<\/figcaption><\/figure><figure class='gallery-item'>\n\t\t\t<div class='gallery-icon portrait'>\n\t\t\t\t<img loading=\"lazy\" decoding=\"async\" width=\"216\" height=\"232\" src=\"https:\/\/www.develotech.com\/wp-content\/uploads\/2025\/03\/PZ-12XX.jpg\" class=\"attachment-full size-full\" alt=\"\" aria-describedby=\"gallery-2-2160\" \/>\n\t\t\t<\/div>\n\t\t\t\t<figcaption class='wp-caption-text gallery-caption' id='gallery-2-2160'>\n\t\t\t\tPZ-12XX (Yellow-Green)\n\t\t\t\t<\/figcaption><\/figure>\n\t\t<\/div>\n\n<p>[\/vc_column_text][\/vc_column][\/vc_row]<\/p>\n","protected":false},"excerpt":{"rendered":"<p>[vc_row][vc_column][vc_column_text] Standard Signs [\/vc_column_text][vc_column_text] [\/vc_column_text][\/vc_column][\/vc_row][vc_row][vc_column][vc_column_text] Custom Signs Note: A surcharge may be applied for design, films and screen printing of custom signs.[\/vc_column_text][vc_column_text] [\/vc_column_text][\/vc_column][\/vc_row]<\/p>\n","protected":false},"author":1,"featured_media":0,"parent":454,"menu_order":2,"comment_status":"closed","ping_status":"closed","template":"","meta":{"_monsterinsights_skip_tracking":false,"_monsterinsights_sitenote_active":false,"_monsterinsights_sitenote_note":"","_monsterinsights_sitenote_category":0,"footnotes":""},"class_list":["post-502","page","type-page","status-publish","hentry"],"yoast_head":"<!-- This site is optimized with the Yoast SEO plugin v27.0 - https:\/\/yoast.com\/product\/yoast-seo-wordpress\/ -->\n<title>R1-6 - R1-6a - RA-8 sign - In-street pedestrian sign - Ped-Zone<\/title>\n<meta name=\"description\" content=\"The Ped-Zone in-street pedestrian sign is simply the most resistant flexible sign on the market. It is the only sign that can withstand direct wheel impacts at 80 km\/h (50 mph) by different types of vehicles (buses, fire trucks, trucks, cars).\" \/>\n<meta name=\"robots\" content=\"index, follow, max-snippet:-1, max-image-preview:large, max-video-preview:-1\" \/>\n<link rel=\"canonical\" href=\"https:\/\/www.develotech.com\/en\/sign-pedestrian-crossovers\/signs\/\" \/>\n<meta property=\"og:locale\" content=\"en_US\" \/>\n<meta property=\"og:type\" content=\"article\" \/>\n<meta property=\"og:title\" content=\"R1-6 - R1-6a - RA-8 sign - In-street pedestrian sign - Ped-Zone\" \/>\n<meta property=\"og:description\" content=\"The Ped-Zone in-street pedestrian sign is simply the most resistant flexible sign on the market. It is the only sign that can withstand direct wheel impacts at 80 km\/h (50 mph) by different types of vehicles (buses, fire trucks, trucks, cars).\" \/>\n<meta property=\"og:url\" content=\"https:\/\/www.develotech.com\/en\/sign-pedestrian-crossovers\/signs\/\" \/>\n<meta property=\"og:site_name\" content=\"Develotech\" \/>\n<meta property=\"article:modified_time\" content=\"2025-05-13T23:30:19+00:00\" \/>\n<meta property=\"og:image\" content=\"https:\/\/www.develotech.com\/wp-content\/uploads\/2017\/03\/PZ-1122.jpg\" \/>\n<meta name=\"twitter:card\" content=\"summary_large_image\" \/>\n<meta name=\"twitter:label1\" content=\"Est. reading time\" \/>\n\t<meta name=\"twitter:data1\" content=\"1 minute\" \/>\n<script type=\"application\/ld+json\" class=\"yoast-schema-graph\">{\"@context\":\"https:\/\/schema.org\",\"@graph\":[{\"@type\":\"WebPage\",\"@id\":\"https:\/\/www.develotech.com\/en\/sign-pedestrian-crossovers\/signs\/\",\"url\":\"https:\/\/www.develotech.com\/en\/sign-pedestrian-crossovers\/signs\/\",\"name\":\"R1-6 - R1-6a - RA-8 sign - In-street pedestrian sign - Ped-Zone\",\"isPartOf\":{\"@id\":\"https:\/\/www.develotech.com\/#website\"},\"datePublished\":\"2017-03-13T21:48:42+00:00\",\"dateModified\":\"2025-05-13T23:30:19+00:00\",\"description\":\"The Ped-Zone in-street pedestrian sign is simply the most resistant flexible sign on the market. It is the only sign that can withstand direct wheel impacts at 80 km\/h (50 mph) by different types of vehicles (buses, fire trucks, trucks, cars).\",\"breadcrumb\":{\"@id\":\"https:\/\/www.develotech.com\/en\/sign-pedestrian-crossovers\/signs\/#breadcrumb\"},\"inLanguage\":\"en-US\",\"potentialAction\":[{\"@type\":\"ReadAction\",\"target\":[\"https:\/\/www.develotech.com\/en\/sign-pedestrian-crossovers\/signs\/\"]}]},{\"@type\":\"BreadcrumbList\",\"@id\":\"https:\/\/www.develotech.com\/en\/sign-pedestrian-crossovers\/signs\/#breadcrumb\",\"itemListElement\":[{\"@type\":\"ListItem\",\"position\":1,\"name\":\"Accueil\",\"item\":\"https:\/\/www.develotech.com\/en\/\"},{\"@type\":\"ListItem\",\"position\":2,\"name\":\"Ped-Zone sign for pedestrian crossovers\",\"item\":\"https:\/\/www.develotech.com\/en\/sign-pedestrian-crossovers\/\"},{\"@type\":\"ListItem\",\"position\":3,\"name\":\"Signs\"}]},{\"@type\":\"WebSite\",\"@id\":\"https:\/\/www.develotech.com\/#website\",\"url\":\"https:\/\/www.develotech.com\/\",\"name\":\"Develotech\",\"description\":\"Balises pour pistes cyclables, traverses pi\u00e9tonni\u00e8res et r\u00e9duction de vitesse\",\"publisher\":{\"@id\":\"https:\/\/www.develotech.com\/#organization\"},\"potentialAction\":[{\"@type\":\"SearchAction\",\"target\":{\"@type\":\"EntryPoint\",\"urlTemplate\":\"https:\/\/www.develotech.com\/?s={search_term_string}\"},\"query-input\":{\"@type\":\"PropertyValueSpecification\",\"valueRequired\":true,\"valueName\":\"search_term_string\"}}],\"inLanguage\":\"en-US\"},{\"@type\":\"Organization\",\"@id\":\"https:\/\/www.develotech.com\/#organization\",\"name\":\"Develotech\",\"url\":\"https:\/\/www.develotech.com\/\",\"logo\":{\"@type\":\"ImageObject\",\"inLanguage\":\"en-US\",\"@id\":\"https:\/\/www.develotech.com\/#\/schema\/logo\/image\/\",\"url\":\"https:\/\/www.develotech.com\/wp-content\/uploads\/2017\/03\/develotech-logo-3.png\",\"contentUrl\":\"https:\/\/www.develotech.com\/wp-content\/uploads\/2017\/03\/develotech-logo-3.png\",\"width\":240,\"height\":50,\"caption\":\"Develotech\"},\"image\":{\"@id\":\"https:\/\/www.develotech.com\/#\/schema\/logo\/image\/\"}}]}<\/script>\n<!-- \/ Yoast SEO plugin. -->","yoast_head_json":{"title":"R1-6 - R1-6a - RA-8 sign - In-street pedestrian sign - Ped-Zone","description":"The Ped-Zone in-street pedestrian sign is simply the most resistant flexible sign on the market. It is the only sign that can withstand direct wheel impacts at 80 km\/h (50 mph) by different types of vehicles (buses, fire trucks, trucks, cars).","robots":{"index":"index","follow":"follow","max-snippet":"max-snippet:-1","max-image-preview":"max-image-preview:large","max-video-preview":"max-video-preview:-1"},"canonical":"https:\/\/www.develotech.com\/en\/sign-pedestrian-crossovers\/signs\/","og_locale":"en_US","og_type":"article","og_title":"R1-6 - R1-6a - RA-8 sign - In-street pedestrian sign - Ped-Zone","og_description":"The Ped-Zone in-street pedestrian sign is simply the most resistant flexible sign on the market. It is the only sign that can withstand direct wheel impacts at 80 km\/h (50 mph) by different types of vehicles (buses, fire trucks, trucks, cars).","og_url":"https:\/\/www.develotech.com\/en\/sign-pedestrian-crossovers\/signs\/","og_site_name":"Develotech","article_modified_time":"2025-05-13T23:30:19+00:00","og_image":[{"url":"https:\/\/www.develotech.com\/wp-content\/uploads\/2017\/03\/PZ-1122.jpg","type":"","width":"","height":""}],"twitter_card":"summary_large_image","twitter_misc":{"Est. reading time":"1 minute"},"schema":{"@context":"https:\/\/schema.org","@graph":[{"@type":"WebPage","@id":"https:\/\/www.develotech.com\/en\/sign-pedestrian-crossovers\/signs\/","url":"https:\/\/www.develotech.com\/en\/sign-pedestrian-crossovers\/signs\/","name":"R1-6 - R1-6a - RA-8 sign - In-street pedestrian sign - Ped-Zone","isPartOf":{"@id":"https:\/\/www.develotech.com\/#website"},"datePublished":"2017-03-13T21:48:42+00:00","dateModified":"2025-05-13T23:30:19+00:00","description":"The Ped-Zone in-street pedestrian sign is simply the most resistant flexible sign on the market. It is the only sign that can withstand direct wheel impacts at 80 km\/h (50 mph) by different types of vehicles (buses, fire trucks, trucks, cars).","breadcrumb":{"@id":"https:\/\/www.develotech.com\/en\/sign-pedestrian-crossovers\/signs\/#breadcrumb"},"inLanguage":"en-US","potentialAction":[{"@type":"ReadAction","target":["https:\/\/www.develotech.com\/en\/sign-pedestrian-crossovers\/signs\/"]}]},{"@type":"BreadcrumbList","@id":"https:\/\/www.develotech.com\/en\/sign-pedestrian-crossovers\/signs\/#breadcrumb","itemListElement":[{"@type":"ListItem","position":1,"name":"Accueil","item":"https:\/\/www.develotech.com\/en\/"},{"@type":"ListItem","position":2,"name":"Ped-Zone sign for pedestrian crossovers","item":"https:\/\/www.develotech.com\/en\/sign-pedestrian-crossovers\/"},{"@type":"ListItem","position":3,"name":"Signs"}]},{"@type":"WebSite","@id":"https:\/\/www.develotech.com\/#website","url":"https:\/\/www.develotech.com\/","name":"Develotech","description":"Balises pour pistes cyclables, traverses pi\u00e9tonni\u00e8res et r\u00e9duction de vitesse","publisher":{"@id":"https:\/\/www.develotech.com\/#organization"},"potentialAction":[{"@type":"SearchAction","target":{"@type":"EntryPoint","urlTemplate":"https:\/\/www.develotech.com\/?s={search_term_string}"},"query-input":{"@type":"PropertyValueSpecification","valueRequired":true,"valueName":"search_term_string"}}],"inLanguage":"en-US"},{"@type":"Organization","@id":"https:\/\/www.develotech.com\/#organization","name":"Develotech","url":"https:\/\/www.develotech.com\/","logo":{"@type":"ImageObject","inLanguage":"en-US","@id":"https:\/\/www.develotech.com\/#\/schema\/logo\/image\/","url":"https:\/\/www.develotech.com\/wp-content\/uploads\/2017\/03\/develotech-logo-3.png","contentUrl":"https:\/\/www.develotech.com\/wp-content\/uploads\/2017\/03\/develotech-logo-3.png","width":240,"height":50,"caption":"Develotech"},"image":{"@id":"https:\/\/www.develotech.com\/#\/schema\/logo\/image\/"}}]}},"_links":{"self":[{"href":"https:\/\/www.develotech.com\/en\/wp-json\/wp\/v2\/pages\/502","targetHints":{"allow":["GET"]}}],"collection":[{"href":"https:\/\/www.develotech.com\/en\/wp-json\/wp\/v2\/pages"}],"about":[{"href":"https:\/\/www.develotech.com\/en\/wp-json\/wp\/v2\/types\/page"}],"author":[{"embeddable":true,"href":"https:\/\/www.develotech.com\/en\/wp-json\/wp\/v2\/users\/1"}],"replies":[{"embeddable":true,"href":"https:\/\/www.develotech.com\/en\/wp-json\/wp\/v2\/comments?post=502"}],"version-history":[{"count":16,"href":"https:\/\/www.develotech.com\/en\/wp-json\/wp\/v2\/pages\/502\/revisions"}],"predecessor-version":[{"id":2178,"href":"https:\/\/www.develotech.com\/en\/wp-json\/wp\/v2\/pages\/502\/revisions\/2178"}],"up":[{"embeddable":true,"href":"https:\/\/www.develotech.com\/en\/wp-json\/wp\/v2\/pages\/454"}],"wp:attachment":[{"href":"https:\/\/www.develotech.com\/en\/wp-json\/wp\/v2\/media?parent=502"}],"curies":[{"name":"wp","href":"https:\/\/api.w.org\/{rel}","templated":true}]}}