{"id":455,"date":"2017-03-13T22:29:48","date_gmt":"2017-03-13T21:29:48","guid":{"rendered":"http:\/\/www.develotech.com\/?page_id=455\/"},"modified":"2020-06-05T00:08:05","modified_gmt":"2020-06-04T22:08:05","slug":"epoxy-asphalt-pavement","status":"publish","type":"page","link":"https:\/\/www.develotech.com\/en\/epoxy-asphalt-pavement\/","title":{"rendered":"Bitu-Link Epoxy"},"content":{"rendered":"<div class=\"wpb-content-wrapper\"><p>[vc_row full_width=&#8221;stretch_row&#8221; css=&#8221;.vc_custom_1488384954286{padding-top: 40px !important;padding-bottom: 40px !important;background: #303030 url(https:\/\/www.develotech.com\/wp-content\/uploads\/2017\/03\/asphalte.jpg?id=137) !important;background-position: center !important;background-repeat: no-repeat !important;background-size: cover !important;}&#8221; el_class=&#8221;inverse&#8221;][vc_column width=&#8221;2\/3&#8243;][vc_column_text]<\/p>\n<h1 align=\"left\"><strong>Bitu-Link&#x2122; Epoxy<\/strong><\/h1>\n<h2 align=\"left\"><em>Designed to bond to asphalt!<\/em><\/h2>\n<p class=\"style1\">Bitu-Link<sup>TM<\/sup> epoxy is specially designed to anchor Cyclo-Zone<sup>TM<\/sup> flexible bollards, Ped-Zone<sup>TM<\/sup> signs\u00a0and Develotech parking posts in an asphalt pavement. Its unique formulation provides excellent adhesion between the bitumen contained in the asphalt and the steel of the anchors. The anchor created by using Bitu-Link<sup>TM<\/sup> epoxy is very strong and can be used for several years.<\/p>\n<p class=\"style1\">Available in cartridges (automatic mixing) or in containers of different formats (manual mixing), Bitu-Link<sup>TM<\/sup> epoxy is easy to use and requires minimal handling.<\/p>\n<p>[\/vc_column_text][\/vc_column][vc_column width=&#8221;1\/3&#8243;][\/vc_column][\/vc_row][vc_row full_width=&#8221;stretch_row&#8221; css=&#8221;.vc_custom_1488385011230{padding-bottom: 50px !important;background-color: #ffffff !important;}&#8221;][vc_column width=&#8221;1\/2&#8243;][vc_single_image image=&#8221;70&#8243; img_size=&#8221;full&#8221; alignment=&#8221;center&#8221;][vc_column_text]<\/p>\n<h4>Instructions \u2013 automatic mixing :<\/h4>\n<p>After screwing the static mixer onto the Bitu-Link<sup>TM<\/sup> epoxy cartridges, insert the cartridges in the gun and extract the air contained in the cartridges. You are now ready to inject the epoxy in the holes.[\/vc_column_text][\/vc_column][vc_column width=&#8221;1\/2&#8243;][vc_single_image image=&#8221;118&#8243; img_size=&#8221;full&#8221; alignment=&#8221;center&#8221;][vc_column_text]<\/p>\n<h4>Instructions \u2013 manual mixing :<\/h4>\n<p>Using a drill and a paint mixer, mix the Bitu-Link<sup>TM<\/sup> hardener (Part B) with the Bitu-Link<sup>TM<\/sup> resin (Part A) in equal parts by volume. You are now ready to pour the epoxy in the holes.[\/vc_column_text][\/vc_column][\/vc_row]<\/p>\n<\/div>","protected":false},"excerpt":{"rendered":"<p>[vc_row full_width=&#8221;stretch_row&#8221; css=&#8221;.vc_custom_1488384954286{padding-top: 40px !important;padding-bottom: 40px !important;background: #303030 url(https:\/\/www.develotech.com\/wp-content\/uploads\/2017\/03\/asphalte.jpg?id=137) !important;background-position: center !important;background-repeat: no-repeat !important;background-size: cover !important;}&#8221; el_class=&#8221;inverse&#8221;][vc_column width=&#8221;2\/3&#8243;][vc_column_text] Bitu-Link&#x2122; Epoxy Designed to bond to asphalt! Bitu-LinkTM epoxy is specially designed to anchor Cyclo-ZoneTM flexible bollards, Ped-ZoneTM signs\u00a0and Develotech parking posts in an asphalt pavement. Its unique formulation provides excellent adhesion between the bitumen contained in &hellip; <a href=\"https:\/\/www.develotech.com\/en\/epoxy-asphalt-pavement\/\" class=\"more-link\">Continue reading<span class=\"screen-reader-text\"> &#8220;Bitu-Link Epoxy&#8221;<\/span><\/a><\/p>\n","protected":false},"author":1,"featured_media":0,"parent":0,"menu_order":0,"comment_status":"closed","ping_status":"closed","template":"page-fullwidth.php","meta":{"_monsterinsights_skip_tracking":false,"_monsterinsights_sitenote_active":false,"_monsterinsights_sitenote_note":"","_monsterinsights_sitenote_category":0,"footnotes":""},"class_list":["post-455","page","type-page","status-publish","hentry"],"yoast_head":"<!-- This site is optimized with the Yoast SEO plugin v27.6 - https:\/\/yoast.com\/product\/yoast-seo-wordpress\/ -->\n<title>Bitu-Link epoxy<\/title>\n<meta name=\"robots\" content=\"index, follow, max-snippet:-1, max-image-preview:large, max-video-preview:-1\" \/>\n<link rel=\"canonical\" href=\"https:\/\/www.develotech.com\/en\/epoxy-asphalt-pavement\/\" \/>\n<meta property=\"og:locale\" content=\"en_US\" \/>\n<meta property=\"og:type\" content=\"article\" \/>\n<meta property=\"og:title\" content=\"Bitu-Link epoxy\" \/>\n<meta property=\"og:description\" content=\"[vc_row full_width=&#8221;stretch_row&#8221; css=&#8221;.vc_custom_1488384954286{padding-top: 40px !important;padding-bottom: 40px !important;background: #303030 url(https:\/\/www.develotech.com\/wp-content\/uploads\/2017\/03\/asphalte.jpg?id=137) !important;background-position: center !important;background-repeat: no-repeat !important;background-size: cover !important;}&#8221; el_class=&#8221;inverse&#8221;][vc_column width=&#8221;2\/3&#8243;][vc_column_text] Bitu-Link&#x2122; Epoxy Designed to bond to asphalt! Bitu-LinkTM epoxy is specially designed to anchor Cyclo-ZoneTM flexible bollards, Ped-ZoneTM signs\u00a0and Develotech parking posts in an asphalt pavement. Its unique formulation provides excellent adhesion between the bitumen contained in &hellip; Continue reading &quot;Bitu-Link Epoxy&quot;\" \/>\n<meta property=\"og:url\" content=\"https:\/\/www.develotech.com\/en\/epoxy-asphalt-pavement\/\" \/>\n<meta property=\"og:site_name\" content=\"Develotech\" \/>\n<meta property=\"article:modified_time\" content=\"2020-06-04T22:08:05+00:00\" \/>\n<meta name=\"twitter:card\" content=\"summary_large_image\" \/>\n<meta name=\"twitter:label1\" content=\"Est. reading time\" \/>\n\t<meta name=\"twitter:data1\" content=\"1 minute\" \/>\n<script type=\"application\/ld+json\" class=\"yoast-schema-graph\">{\"@context\":\"https:\\\/\\\/schema.org\",\"@graph\":[{\"@type\":\"WebPage\",\"@id\":\"https:\\\/\\\/www.develotech.com\\\/en\\\/epoxy-asphalt-pavement\\\/\",\"url\":\"https:\\\/\\\/www.develotech.com\\\/en\\\/epoxy-asphalt-pavement\\\/\",\"name\":\"Bitu-Link epoxy\",\"isPartOf\":{\"@id\":\"https:\\\/\\\/www.develotech.com\\\/#website\"},\"datePublished\":\"2017-03-13T21:29:48+00:00\",\"dateModified\":\"2020-06-04T22:08:05+00:00\",\"breadcrumb\":{\"@id\":\"https:\\\/\\\/www.develotech.com\\\/en\\\/epoxy-asphalt-pavement\\\/#breadcrumb\"},\"inLanguage\":\"en-US\",\"potentialAction\":[{\"@type\":\"ReadAction\",\"target\":[\"https:\\\/\\\/www.develotech.com\\\/en\\\/epoxy-asphalt-pavement\\\/\"]}]},{\"@type\":\"BreadcrumbList\",\"@id\":\"https:\\\/\\\/www.develotech.com\\\/en\\\/epoxy-asphalt-pavement\\\/#breadcrumb\",\"itemListElement\":[{\"@type\":\"ListItem\",\"position\":1,\"name\":\"Accueil\",\"item\":\"https:\\\/\\\/www.develotech.com\\\/en\\\/\"},{\"@type\":\"ListItem\",\"position\":2,\"name\":\"Bitu-Link Epoxy\"}]},{\"@type\":\"WebSite\",\"@id\":\"https:\\\/\\\/www.develotech.com\\\/#website\",\"url\":\"https:\\\/\\\/www.develotech.com\\\/\",\"name\":\"Develotech\",\"description\":\"Balises pour pistes cyclables, traverses pi\u00e9tonni\u00e8res et r\u00e9duction de vitesse\",\"publisher\":{\"@id\":\"https:\\\/\\\/www.develotech.com\\\/#organization\"},\"potentialAction\":[{\"@type\":\"SearchAction\",\"target\":{\"@type\":\"EntryPoint\",\"urlTemplate\":\"https:\\\/\\\/www.develotech.com\\\/?s={search_term_string}\"},\"query-input\":{\"@type\":\"PropertyValueSpecification\",\"valueRequired\":true,\"valueName\":\"search_term_string\"}}],\"inLanguage\":\"en-US\"},{\"@type\":\"Organization\",\"@id\":\"https:\\\/\\\/www.develotech.com\\\/#organization\",\"name\":\"Develotech\",\"url\":\"https:\\\/\\\/www.develotech.com\\\/\",\"logo\":{\"@type\":\"ImageObject\",\"inLanguage\":\"en-US\",\"@id\":\"https:\\\/\\\/www.develotech.com\\\/#\\\/schema\\\/logo\\\/image\\\/\",\"url\":\"https:\\\/\\\/www.develotech.com\\\/wp-content\\\/uploads\\\/2017\\\/03\\\/develotech-logo-3.png\",\"contentUrl\":\"https:\\\/\\\/www.develotech.com\\\/wp-content\\\/uploads\\\/2017\\\/03\\\/develotech-logo-3.png\",\"width\":240,\"height\":50,\"caption\":\"Develotech\"},\"image\":{\"@id\":\"https:\\\/\\\/www.develotech.com\\\/#\\\/schema\\\/logo\\\/image\\\/\"}}]}<\/script>\n<!-- \/ Yoast SEO plugin. -->","yoast_head_json":{"title":"Bitu-Link epoxy","robots":{"index":"index","follow":"follow","max-snippet":"max-snippet:-1","max-image-preview":"max-image-preview:large","max-video-preview":"max-video-preview:-1"},"canonical":"https:\/\/www.develotech.com\/en\/epoxy-asphalt-pavement\/","og_locale":"en_US","og_type":"article","og_title":"Bitu-Link epoxy","og_description":"[vc_row full_width=&#8221;stretch_row&#8221; css=&#8221;.vc_custom_1488384954286{padding-top: 40px !important;padding-bottom: 40px !important;background: #303030 url(https:\/\/www.develotech.com\/wp-content\/uploads\/2017\/03\/asphalte.jpg?id=137) !important;background-position: center !important;background-repeat: no-repeat !important;background-size: cover !important;}&#8221; el_class=&#8221;inverse&#8221;][vc_column width=&#8221;2\/3&#8243;][vc_column_text] Bitu-Link&#x2122; Epoxy Designed to bond to asphalt! Bitu-LinkTM epoxy is specially designed to anchor Cyclo-ZoneTM flexible bollards, Ped-ZoneTM signs\u00a0and Develotech parking posts in an asphalt pavement. Its unique formulation provides excellent adhesion between the bitumen contained in &hellip; Continue reading \"Bitu-Link Epoxy\"","og_url":"https:\/\/www.develotech.com\/en\/epoxy-asphalt-pavement\/","og_site_name":"Develotech","article_modified_time":"2020-06-04T22:08:05+00:00","twitter_card":"summary_large_image","twitter_misc":{"Est. reading time":"1 minute"},"schema":{"@context":"https:\/\/schema.org","@graph":[{"@type":"WebPage","@id":"https:\/\/www.develotech.com\/en\/epoxy-asphalt-pavement\/","url":"https:\/\/www.develotech.com\/en\/epoxy-asphalt-pavement\/","name":"Bitu-Link epoxy","isPartOf":{"@id":"https:\/\/www.develotech.com\/#website"},"datePublished":"2017-03-13T21:29:48+00:00","dateModified":"2020-06-04T22:08:05+00:00","breadcrumb":{"@id":"https:\/\/www.develotech.com\/en\/epoxy-asphalt-pavement\/#breadcrumb"},"inLanguage":"en-US","potentialAction":[{"@type":"ReadAction","target":["https:\/\/www.develotech.com\/en\/epoxy-asphalt-pavement\/"]}]},{"@type":"BreadcrumbList","@id":"https:\/\/www.develotech.com\/en\/epoxy-asphalt-pavement\/#breadcrumb","itemListElement":[{"@type":"ListItem","position":1,"name":"Accueil","item":"https:\/\/www.develotech.com\/en\/"},{"@type":"ListItem","position":2,"name":"Bitu-Link Epoxy"}]},{"@type":"WebSite","@id":"https:\/\/www.develotech.com\/#website","url":"https:\/\/www.develotech.com\/","name":"Develotech","description":"Balises pour pistes cyclables, traverses pi\u00e9tonni\u00e8res et r\u00e9duction de vitesse","publisher":{"@id":"https:\/\/www.develotech.com\/#organization"},"potentialAction":[{"@type":"SearchAction","target":{"@type":"EntryPoint","urlTemplate":"https:\/\/www.develotech.com\/?s={search_term_string}"},"query-input":{"@type":"PropertyValueSpecification","valueRequired":true,"valueName":"search_term_string"}}],"inLanguage":"en-US"},{"@type":"Organization","@id":"https:\/\/www.develotech.com\/#organization","name":"Develotech","url":"https:\/\/www.develotech.com\/","logo":{"@type":"ImageObject","inLanguage":"en-US","@id":"https:\/\/www.develotech.com\/#\/schema\/logo\/image\/","url":"https:\/\/www.develotech.com\/wp-content\/uploads\/2017\/03\/develotech-logo-3.png","contentUrl":"https:\/\/www.develotech.com\/wp-content\/uploads\/2017\/03\/develotech-logo-3.png","width":240,"height":50,"caption":"Develotech"},"image":{"@id":"https:\/\/www.develotech.com\/#\/schema\/logo\/image\/"}}]}},"_links":{"self":[{"href":"https:\/\/www.develotech.com\/en\/wp-json\/wp\/v2\/pages\/455","targetHints":{"allow":["GET"]}}],"collection":[{"href":"https:\/\/www.develotech.com\/en\/wp-json\/wp\/v2\/pages"}],"about":[{"href":"https:\/\/www.develotech.com\/en\/wp-json\/wp\/v2\/types\/page"}],"author":[{"embeddable":true,"href":"https:\/\/www.develotech.com\/en\/wp-json\/wp\/v2\/users\/1"}],"replies":[{"embeddable":true,"href":"https:\/\/www.develotech.com\/en\/wp-json\/wp\/v2\/comments?post=455"}],"version-history":[{"count":6,"href":"https:\/\/www.develotech.com\/en\/wp-json\/wp\/v2\/pages\/455\/revisions"}],"predecessor-version":[{"id":1376,"href":"https:\/\/www.develotech.com\/en\/wp-json\/wp\/v2\/pages\/455\/revisions\/1376"}],"wp:attachment":[{"href":"https:\/\/www.develotech.com\/en\/wp-json\/wp\/v2\/media?parent=455"}],"curies":[{"name":"wp","href":"https:\/\/api.w.org\/{rel}","templated":true}]}}