{"id":453,"date":"2017-03-13T22:29:00","date_gmt":"2017-03-13T21:29:00","guid":{"rendered":"http:\/\/www.develotech.com\/?page_id=453\/"},"modified":"2026-04-15T12:16:58","modified_gmt":"2026-04-15T16:16:58","slug":"sign-speed-reduction","status":"publish","type":"page","link":"https:\/\/www.develotech.com\/en\/sign-speed-reduction\/","title":{"rendered":"Ped-Zone sign for speed reduction"},"content":{"rendered":"<p>[vc_row][vc_column width=&#8221;1\/2&#8243;][vc_column_text]<\/p>\n<h2 class=\"style1\">The best traffic calming measure on collectors!<\/h2>\n<p class=\"style1\">The in-street Ped-Zone<sup>TM<\/sup> sign is the best traffic calming measure on residential collectors. It is a simple, effective and inexpensive way to reduce speed of vehicles by 5 to 20 km\/h without slowing down emergency vehicles.<\/p>\n<p class=\"style1\">Because it narrows the street, it alters driver behaviour. This new road space perception incites drivers to slow down. And, contrary to the use of speed humps, the Ped-Zone<sup>TM<\/sup>sign does not slow down emergency vehicles. It also incites drivers to adopt a driving style that is slow and constant. This driving style reduces noise, air pollution and energy consumption.<\/p>\n<p class=\"style1\">If struck by a vehicle, the Ped-Zone<sup>TM<\/sup> sign folds upon impact then returns to its initial position. Thanks to its unique patented design consisting of a rubber base and fibreglass board, t<span class=\"\" lang=\"EN-CA\">he Ped-Zone<sup>TM<\/sup> sign can withstand the weight of heavy vehicles and impacts at more than 80 km\/h <\/span>by many types of vehicles (buses, fire trucks, trucks, cars)<span class=\"Apple-style-span\">\u00a0even when the wheel directly hits the base of the sign.<\/span><\/p>\n<p>[\/vc_column_text][\/vc_column][vc_column width=&#8221;1\/2&#8243;][vc_single_image image=&#8221;642&#8243; img_size=&#8221;full&#8221; add_caption=&#8221;yes&#8221; alignment=&#8221;center&#8221; el_class=&#8221;patented&#8221;][vc_column_text]<\/p>\n<p class=\"style1\">In short, here are the 6 benefits to the in-street Ped-Zone<sup>TM<\/sup> sign compared to speed humps:<\/p>\n<ul>\n<li class=\"style1\">It is inexpensive.<\/li>\n<li class=\"style1\">It doesn\u2019t slow down emergency vehicles.<\/li>\n<li class=\"style1\">It reduces noise.<\/li>\n<li class=\"style1\">It doesn\u2019t create any vibrations.<\/li>\n<li class=\"style1\">It reduces air pollution and energy consumption.<\/li>\n<li class=\"style1\">It doesn\u2019t hinder snow removal since signs are removed during winter.<\/li>\n<\/ul>\n<p>[\/vc_column_text][\/vc_column][\/vc_row][vc_row][vc_column][vc_column_text]<\/p>\n<h2>Technical information<\/h2>\n<p>[\/vc_column_text][\/vc_column][\/vc_row][vc_row][vc_column width=&#8221;1\/3&#8243;][vc_single_image image=&#8221;645&#8243; img_size=&#8221;full&#8221; alignment=&#8221;center&#8221;][vc_single_image image=&#8221;647&#8243; img_size=&#8221;full&#8221; alignment=&#8221;center&#8221;][\/vc_column][vc_column width=&#8221;1\/3&#8243;][vc_column_text]Technical information<\/p>\n<ul>\n<li><span title=\"Hauteur hors-tout : 122 cm\">Overall Height: 122 cm<br \/>\n<\/span><\/li>\n<li><span title=\"Largeur : 32,4 cm\">Width: 32.4 cm<br \/>\n<\/span><\/li>\n<li><span title=\"\u00c9paisseur : 0,4 cm\">Thickness: 0.3 cm<br \/>\n<\/span><\/li>\n<li>Fibreglass board<\/li>\n<li>Rubber \/ steel base with 4 holes<\/li>\n<li><span class=\"style1\">Anchors for installation included (for concrete or asphalt). Bitu-Link<sup>TM<\/sup>\u00a0epoxy (for asphalt) not included<\/span><span title=\"Quincaillerie pour installation incluse\"><br \/>\n<\/span><\/li>\n<li><span title=\"Quincaillerie pour installation incluse\">Width of the Reflective Sheeting: 30.5 cm<br \/>\n<\/span><\/li>\n<li><span title=\"Quincaillerie pour installation incluse\">Height of the Reflective Sheeting\u00a0: 94 cm<br \/>\n<\/span><\/li>\n<li><span title=\"Quincaillerie pour installation incluse\">Reflective Sheeting fixed on both sides<\/span><\/li>\n<li>Anti Graffiti Protection Film included<\/li>\n<\/ul>\n<p>[\/vc_column_text][\/vc_column][vc_column width=&#8221;1\/3&#8243;][vc_column_text]Options<\/p>\n<ul>\n<li><span title=\"Cliquer ici pour voir d'autres traductions\">Available colours<\/span> <span title=\"Cliquer ici pour voir d'autres traductions\">of<\/span> <span title=\"Cliquer ici pour voir d'autres traductions\">the<\/span> <span title=\"Cliquer ici pour voir d'autres traductions\">reflective sheeting:<\/span> White, yellow, yellow-green, fluorescent yellow, red, blue and green<\/li>\n<li><span title=\"Cliquer ici pour voir d'autres traductions\">Ability to<\/span> <span title=\"Cliquer ici pour voir d'autres traductions\">display<\/span> <span title=\"Cliquer ici pour voir d'autres traductions\">a<\/span> <span title=\"Cliquer ici pour voir d'autres traductions\">custom message<\/span><\/li>\n<li><span title=\"Cliquer ici pour voir d'autres traductions\">Ability<\/span> <span title=\"Cliquer ici pour voir d'autres traductions\">to<\/span> <span title=\"Cliquer ici pour voir d'autres traductions\">include<\/span> <span title=\"Cliquer ici pour voir d'autres traductions\">a<\/span> <span title=\"Cliquer ici pour voir d'autres traductions\">custom logo<\/span><\/li>\n<\/ul>\n<p>[\/vc_column_text][\/vc_column][\/vc_row][vc_row][vc_column][vc_column_text]<\/p>\n<h2>Installation<\/h2>\n<p>[\/vc_column_text][\/vc_column][\/vc_row][vc_row][vc_column width=&#8221;1\/2&#8243;][vc_single_image image=&#8221;344&#8243; img_size=&#8221;full&#8221;][vc_column_text]<\/p>\n<h4>Installation &#8211; Asphalt<\/h4>\n<p class=\"style1\">Simply drill four holes (Diameter: \u00be inch, Depth: 4 inches), inject Bitu-Link&#x2122; epoxy, insert anchors and wait 24 hours until the epoxy has hardened. The sign is then fastened with four bolts. This fastening method, which is perfectly suited for asphalt pavement, allows for the signs to be removed each fall (if required) and easily reinstalled the following spring.<\/p>\n<p>[\/vc_column_text][\/vc_column][vc_column width=&#8221;1\/2&#8243;][vc_single_image image=&#8221;345&#8243; img_size=&#8221;full&#8221;][vc_column_text]<\/p>\n<h4>Installation \u2013 Concrete<\/h4>\n<p class=\"style1\">Simply drill four holes (Diameter: \u00bd inch, Depth: 1 3\/4 inches), insert drop-in anchors and hammer them with a punch. The sign is then fastened with four bolts. This fastening method, which is perfectly suited for concrete allows for the signs to be removed each fall (if required) and easily reinstalled the following spring.<\/p>\n<p>[\/vc_column_text][\/vc_column][\/vc_row]<\/p>\n","protected":false},"excerpt":{"rendered":"<p>[vc_row][vc_column width=&#8221;1\/2&#8243;][vc_column_text] The best traffic calming measure on collectors! The in-street Ped-ZoneTM sign is the best traffic calming measure on residential collectors. It is a simple, effective and inexpensive way to reduce speed of vehicles by 5 to 20 km\/h without slowing down emergency vehicles. Because it narrows the street, it alters driver behaviour. This &hellip; <a href=\"https:\/\/www.develotech.com\/en\/sign-speed-reduction\/\" class=\"more-link\">Continue reading<span class=\"screen-reader-text\"> &#8220;Ped-Zone sign for speed reduction&#8221;<\/span><\/a><\/p>\n","protected":false},"author":1,"featured_media":0,"parent":0,"menu_order":0,"comment_status":"closed","ping_status":"closed","template":"","meta":{"_monsterinsights_skip_tracking":false,"_monsterinsights_sitenote_active":false,"_monsterinsights_sitenote_note":"","_monsterinsights_sitenote_category":0,"footnotes":""},"class_list":["post-453","page","type-page","status-publish","hentry"],"yoast_head":"<!-- This site is optimized with the Yoast SEO plugin v27.0 - https:\/\/yoast.com\/product\/yoast-seo-wordpress\/ -->\n<title>Speed reduction - Traffic calming sign \u2013 post \u2013 bollard \u2013 delineator<\/title>\n<meta name=\"robots\" content=\"index, follow, max-snippet:-1, max-image-preview:large, max-video-preview:-1\" \/>\n<link rel=\"canonical\" href=\"https:\/\/www.develotech.com\/en\/sign-speed-reduction\/\" \/>\n<meta property=\"og:locale\" content=\"en_US\" \/>\n<meta property=\"og:type\" content=\"article\" \/>\n<meta property=\"og:title\" content=\"Speed reduction - Traffic calming sign \u2013 post \u2013 bollard \u2013 delineator\" \/>\n<meta property=\"og:description\" content=\"[vc_row][vc_column width=&#8221;1\/2&#8243;][vc_column_text] The best traffic calming measure on collectors! The in-street Ped-ZoneTM sign is the best traffic calming measure on residential collectors. It is a simple, effective and inexpensive way to reduce speed of vehicles by 5 to 20 km\/h without slowing down emergency vehicles. Because it narrows the street, it alters driver behaviour. This &hellip; Continue reading &quot;Ped-Zone sign for speed reduction&quot;\" \/>\n<meta property=\"og:url\" content=\"https:\/\/www.develotech.com\/en\/sign-speed-reduction\/\" \/>\n<meta property=\"og:site_name\" content=\"Develotech\" \/>\n<meta property=\"article:modified_time\" content=\"2026-04-15T16:16:58+00:00\" \/>\n<meta name=\"twitter:card\" content=\"summary_large_image\" \/>\n<meta name=\"twitter:label1\" content=\"Est. reading time\" \/>\n\t<meta name=\"twitter:data1\" content=\"3 minutes\" \/>\n<script type=\"application\/ld+json\" class=\"yoast-schema-graph\">{\"@context\":\"https:\/\/schema.org\",\"@graph\":[{\"@type\":\"WebPage\",\"@id\":\"https:\/\/www.develotech.com\/en\/sign-speed-reduction\/\",\"url\":\"https:\/\/www.develotech.com\/en\/sign-speed-reduction\/\",\"name\":\"Speed reduction - Traffic calming sign \u2013 post \u2013 bollard \u2013 delineator\",\"isPartOf\":{\"@id\":\"https:\/\/www.develotech.com\/#website\"},\"datePublished\":\"2017-03-13T21:29:00+00:00\",\"dateModified\":\"2026-04-15T16:16:58+00:00\",\"breadcrumb\":{\"@id\":\"https:\/\/www.develotech.com\/en\/sign-speed-reduction\/#breadcrumb\"},\"inLanguage\":\"en-US\",\"potentialAction\":[{\"@type\":\"ReadAction\",\"target\":[\"https:\/\/www.develotech.com\/en\/sign-speed-reduction\/\"]}]},{\"@type\":\"BreadcrumbList\",\"@id\":\"https:\/\/www.develotech.com\/en\/sign-speed-reduction\/#breadcrumb\",\"itemListElement\":[{\"@type\":\"ListItem\",\"position\":1,\"name\":\"Accueil\",\"item\":\"https:\/\/www.develotech.com\/en\/\"},{\"@type\":\"ListItem\",\"position\":2,\"name\":\"Ped-Zone sign for speed reduction\"}]},{\"@type\":\"WebSite\",\"@id\":\"https:\/\/www.develotech.com\/#website\",\"url\":\"https:\/\/www.develotech.com\/\",\"name\":\"Develotech\",\"description\":\"Balises pour pistes cyclables, traverses pi\u00e9tonni\u00e8res et r\u00e9duction de vitesse\",\"publisher\":{\"@id\":\"https:\/\/www.develotech.com\/#organization\"},\"potentialAction\":[{\"@type\":\"SearchAction\",\"target\":{\"@type\":\"EntryPoint\",\"urlTemplate\":\"https:\/\/www.develotech.com\/?s={search_term_string}\"},\"query-input\":{\"@type\":\"PropertyValueSpecification\",\"valueRequired\":true,\"valueName\":\"search_term_string\"}}],\"inLanguage\":\"en-US\"},{\"@type\":\"Organization\",\"@id\":\"https:\/\/www.develotech.com\/#organization\",\"name\":\"Develotech\",\"url\":\"https:\/\/www.develotech.com\/\",\"logo\":{\"@type\":\"ImageObject\",\"inLanguage\":\"en-US\",\"@id\":\"https:\/\/www.develotech.com\/#\/schema\/logo\/image\/\",\"url\":\"https:\/\/www.develotech.com\/wp-content\/uploads\/2017\/03\/develotech-logo-3.png\",\"contentUrl\":\"https:\/\/www.develotech.com\/wp-content\/uploads\/2017\/03\/develotech-logo-3.png\",\"width\":240,\"height\":50,\"caption\":\"Develotech\"},\"image\":{\"@id\":\"https:\/\/www.develotech.com\/#\/schema\/logo\/image\/\"}}]}<\/script>\n<!-- \/ Yoast SEO plugin. -->","yoast_head_json":{"title":"Speed reduction - Traffic calming sign \u2013 post \u2013 bollard \u2013 delineator","robots":{"index":"index","follow":"follow","max-snippet":"max-snippet:-1","max-image-preview":"max-image-preview:large","max-video-preview":"max-video-preview:-1"},"canonical":"https:\/\/www.develotech.com\/en\/sign-speed-reduction\/","og_locale":"en_US","og_type":"article","og_title":"Speed reduction - Traffic calming sign \u2013 post \u2013 bollard \u2013 delineator","og_description":"[vc_row][vc_column width=&#8221;1\/2&#8243;][vc_column_text] The best traffic calming measure on collectors! The in-street Ped-ZoneTM sign is the best traffic calming measure on residential collectors. It is a simple, effective and inexpensive way to reduce speed of vehicles by 5 to 20 km\/h without slowing down emergency vehicles. Because it narrows the street, it alters driver behaviour. This &hellip; Continue reading \"Ped-Zone sign for speed reduction\"","og_url":"https:\/\/www.develotech.com\/en\/sign-speed-reduction\/","og_site_name":"Develotech","article_modified_time":"2026-04-15T16:16:58+00:00","twitter_card":"summary_large_image","twitter_misc":{"Est. reading time":"3 minutes"},"schema":{"@context":"https:\/\/schema.org","@graph":[{"@type":"WebPage","@id":"https:\/\/www.develotech.com\/en\/sign-speed-reduction\/","url":"https:\/\/www.develotech.com\/en\/sign-speed-reduction\/","name":"Speed reduction - Traffic calming sign \u2013 post \u2013 bollard \u2013 delineator","isPartOf":{"@id":"https:\/\/www.develotech.com\/#website"},"datePublished":"2017-03-13T21:29:00+00:00","dateModified":"2026-04-15T16:16:58+00:00","breadcrumb":{"@id":"https:\/\/www.develotech.com\/en\/sign-speed-reduction\/#breadcrumb"},"inLanguage":"en-US","potentialAction":[{"@type":"ReadAction","target":["https:\/\/www.develotech.com\/en\/sign-speed-reduction\/"]}]},{"@type":"BreadcrumbList","@id":"https:\/\/www.develotech.com\/en\/sign-speed-reduction\/#breadcrumb","itemListElement":[{"@type":"ListItem","position":1,"name":"Accueil","item":"https:\/\/www.develotech.com\/en\/"},{"@type":"ListItem","position":2,"name":"Ped-Zone sign for speed reduction"}]},{"@type":"WebSite","@id":"https:\/\/www.develotech.com\/#website","url":"https:\/\/www.develotech.com\/","name":"Develotech","description":"Balises pour pistes cyclables, traverses pi\u00e9tonni\u00e8res et r\u00e9duction de vitesse","publisher":{"@id":"https:\/\/www.develotech.com\/#organization"},"potentialAction":[{"@type":"SearchAction","target":{"@type":"EntryPoint","urlTemplate":"https:\/\/www.develotech.com\/?s={search_term_string}"},"query-input":{"@type":"PropertyValueSpecification","valueRequired":true,"valueName":"search_term_string"}}],"inLanguage":"en-US"},{"@type":"Organization","@id":"https:\/\/www.develotech.com\/#organization","name":"Develotech","url":"https:\/\/www.develotech.com\/","logo":{"@type":"ImageObject","inLanguage":"en-US","@id":"https:\/\/www.develotech.com\/#\/schema\/logo\/image\/","url":"https:\/\/www.develotech.com\/wp-content\/uploads\/2017\/03\/develotech-logo-3.png","contentUrl":"https:\/\/www.develotech.com\/wp-content\/uploads\/2017\/03\/develotech-logo-3.png","width":240,"height":50,"caption":"Develotech"},"image":{"@id":"https:\/\/www.develotech.com\/#\/schema\/logo\/image\/"}}]}},"_links":{"self":[{"href":"https:\/\/www.develotech.com\/en\/wp-json\/wp\/v2\/pages\/453","targetHints":{"allow":["GET"]}}],"collection":[{"href":"https:\/\/www.develotech.com\/en\/wp-json\/wp\/v2\/pages"}],"about":[{"href":"https:\/\/www.develotech.com\/en\/wp-json\/wp\/v2\/types\/page"}],"author":[{"embeddable":true,"href":"https:\/\/www.develotech.com\/en\/wp-json\/wp\/v2\/users\/1"}],"replies":[{"embeddable":true,"href":"https:\/\/www.develotech.com\/en\/wp-json\/wp\/v2\/comments?post=453"}],"version-history":[{"count":18,"href":"https:\/\/www.develotech.com\/en\/wp-json\/wp\/v2\/pages\/453\/revisions"}],"predecessor-version":[{"id":2201,"href":"https:\/\/www.develotech.com\/en\/wp-json\/wp\/v2\/pages\/453\/revisions\/2201"}],"wp:attachment":[{"href":"https:\/\/www.develotech.com\/en\/wp-json\/wp\/v2\/media?parent=453"}],"curies":[{"name":"wp","href":"https:\/\/api.w.org\/{rel}","templated":true}]}}