{"id":435,"date":"2017-03-13T21:06:08","date_gmt":"2017-03-13T20:06:08","guid":{"rendered":"http:\/\/www.develotech.com\/?page_id=435"},"modified":"2023-04-07T07:26:17","modified_gmt":"2023-04-07T11:26:17","slug":"home","status":"publish","type":"page","link":"https:\/\/www.develotech.com\/en\/","title":{"rendered":"Home"},"content":{"rendered":"<p>[vc_row full_width=&#8221;stretch_row&#8221; css=&#8221;.vc_custom_1488902538924{padding-top: 50px !important;background-color: #ffffff !important;}&#8221;][vc_column][vc_text_separator title=&#8221;Our products&#8221; css=&#8221;.vc_custom_1489506641068{margin-bottom: 0px !important;padding-bottom: 0px !important;}&#8221;][\/vc_column][\/vc_row][vc_row full_width=&#8221;stretch_row&#8221; css=&#8221;.vc_custom_1488904066749{margin-top: 0px !important;padding-top: 0px !important;padding-bottom: 50px !important;background-color: #ffffff !important;}&#8221; el_class=&#8221;produits&#8221;][vc_column width=&#8221;1\/4&#8243;][vc_single_image image=&#8221;283&#8243; img_size=&#8221;full&#8221; alignment=&#8221;center&#8221; onclick=&#8221;custom_link&#8221; link=&#8221;https:\/\/www.develotech.com\/en\/bicycle-path-flexible-bollard\/&#8221;][vc_column_text]<\/p>\n<h4><a href=\"https:\/\/www.develotech.com\/en\/bicycle-path-flexible-bollard\/\">Cyclo-Zone&#x2122;<br \/>\n<span class=\"small\">flexible bollard<\/span><\/a><\/h4>\n<p>The Cyclo-Zone&#x2122; flexible bollard is simply the most resistant bollard on the market. It is the only flexible bollard specifically designed for use on cycling facilities.[\/vc_column_text][\/vc_column][vc_column width=&#8221;1\/4&#8243;][vc_single_image image=&#8221;639&#8243; img_size=&#8221;full&#8221; alignment=&#8221;center&#8221; onclick=&#8221;custom_link&#8221; link=&#8221;https:\/\/www.develotech.com\/en\/sign-speed-reduction\/&#8221;][vc_column_text]<\/p>\n<h4><a href=\"https:\/\/www.develotech.com\/en\/sign-speed-reduction\/\">Ped-Zone&#x2122;<br \/>\n<span class=\"small\">sign for speed reduction<\/span><\/a><\/h4>\n<p>The in-street Ped-Zone&#x2122; sign is the best traffic calming measure on residential collectors. It is a simple, effective and inexpensive way to reduce speed of vehicles by 5 to 20 km\/h without slowing down emergency vehicles.[\/vc_column_text][\/vc_column][vc_column width=&#8221;1\/4&#8243;][vc_single_image image=&#8221;633&#8243; img_size=&#8221;full&#8221; alignment=&#8221;center&#8221; onclick=&#8221;custom_link&#8221; link=&#8221;https:\/\/www.develotech.com\/en\/sign-pedestrian-crossovers\/&#8221;][vc_column_text]<\/p>\n<h4><a href=\"https:\/\/www.develotech.com\/en\/sign-pedestrian-crossovers\/\">Ped-Zone&#x2122;<br \/>\n<span class=\"small\">sign for pedestrian crossovers<\/span><\/a><\/h4>\n<p>The in-street Ped-Zone&#x2122; sign for pedestrian crossovers is an inexpensive brand-new concept that substantially increases the effectiveness of your pedestrian crossovers.[\/vc_column_text][\/vc_column][vc_column width=&#8221;1\/4&#8243;][vc_single_image image=&#8221;1371&#8243; img_size=&#8221;full&#8221; alignment=&#8221;center&#8221; onclick=&#8221;custom_link&#8221; link=&#8221;https:\/\/www.develotech.com\/en\/develotech-parking-post\/&#8221;][vc_column_text]<\/p>\n<h4><a href=\"https:\/\/www.develotech.com\/en\/develotech-parking-post\/\">Octo-Zone&#x2122; <span class=\"small\">flexible parking post<\/span><\/a><\/h4>\n<p>The Octo-Zone&#x2122; flexible parking post is the only one that has been specifically designed for use in parking lots.[\/vc_column_text][\/vc_column][\/vc_row][vc_row full_width=&#8221;stretch_row&#8221; css=&#8221;.vc_custom_1488904066749{margin-top: 0px !important;padding-top: 0px !important;padding-bottom: 50px !important;background-color: #ffffff !important;}&#8221; el_class=&#8221;produits&#8221;][vc_column width=&#8221;1\/4&#8243;][vc_single_image image=&#8221;807&#8243; img_size=&#8221;full&#8221; alignment=&#8221;center&#8221; onclick=&#8221;custom_link&#8221; link=&#8221;https:\/\/www.develotech.com\/en\/flexible-stop-sign\/&#8221;][vc_column_text]<\/p>\n<h4><a href=\"https:\/\/www.develotech.com\/en\/flexible-stop-sign\/\">Ped-Zone&#x2122;<br \/>\n<span class=\"small\">stop sign<\/span><\/a><\/h4>\n<p>The in-street Ped-Zone&#x2122; stop sign is an inexpensive tool to increase drivers&#8217; compliance rate at stop sign controlled intersections.[\/vc_column_text][\/vc_column][vc_column width=&#8221;1\/4&#8243;][vc_single_image image=&#8221;615&#8243; img_size=&#8221;full&#8221; alignment=&#8221;center&#8221; onclick=&#8221;custom_link&#8221; link=&#8221;https:\/\/www.develotech.com\/en\/epoxy-asphalt-pavement\/&#8221;][vc_column_text]<\/p>\n<h4><a href=\"https:\/\/www.develotech.com\/en\/epoxy-asphalt-pavement\/\">Bitu-Link&#x2122;<br \/>\n<span class=\"small\">Epoxy<\/span><\/a><\/h4>\n<p>Bitu-Link&#x2122; epoxy is specially designed to anchor Cyclo-Zone&#x2122; flexible bollards, Ped-Zone&#x2122; signs\u00a0and Develotech parking post<span class=\"Apple-converted-space\">\u00a0 <\/span>in an asphalt pavement.[\/vc_column_text][\/vc_column][vc_column width=&#8221;1\/4&#8243;][\/vc_column][vc_column width=&#8221;1\/4&#8243;][\/vc_column][\/vc_row]<\/p>\n","protected":false},"excerpt":{"rendered":"<p>[vc_row full_width=&#8221;stretch_row&#8221; css=&#8221;.vc_custom_1488902538924{padding-top: 50px !important;background-color: #ffffff !important;}&#8221;][vc_column][vc_text_separator title=&#8221;Our products&#8221; css=&#8221;.vc_custom_1489506641068{margin-bottom: 0px !important;padding-bottom: 0px !important;}&#8221;][\/vc_column][\/vc_row][vc_row full_width=&#8221;stretch_row&#8221; css=&#8221;.vc_custom_1488904066749{margin-top: 0px !important;padding-top: 0px !important;padding-bottom: 50px !important;background-color: #ffffff !important;}&#8221; el_class=&#8221;produits&#8221;][vc_column width=&#8221;1\/4&#8243;][vc_single_image image=&#8221;283&#8243; img_size=&#8221;full&#8221; alignment=&#8221;center&#8221; onclick=&#8221;custom_link&#8221; link=&#8221;https:\/\/www.develotech.com\/en\/bicycle-path-flexible-bollard\/&#8221;][vc_column_text] Cyclo-Zone&#x2122; flexible bollard The Cyclo-Zone&#x2122; flexible bollard is simply the most resistant bollard on the market. It is the only flexible bollard specifically designed &hellip; <a href=\"https:\/\/www.develotech.com\/en\/\" class=\"more-link\">Continue reading<span class=\"screen-reader-text\"> &#8220;Home&#8221;<\/span><\/a><\/p>\n","protected":false},"author":1,"featured_media":0,"parent":0,"menu_order":0,"comment_status":"closed","ping_status":"closed","template":"page-fullwidth.php","meta":{"_monsterinsights_skip_tracking":false,"_monsterinsights_sitenote_active":false,"_monsterinsights_sitenote_note":"","_monsterinsights_sitenote_category":0,"footnotes":""},"class_list":["post-435","page","type-page","status-publish","hentry"],"yoast_head":"<!-- This site is optimized with the Yoast SEO plugin v27.0 - https:\/\/yoast.com\/product\/yoast-seo-wordpress\/ -->\n<title>Home - Develotech<\/title>\n<meta name=\"robots\" content=\"index, follow, max-snippet:-1, max-image-preview:large, max-video-preview:-1\" \/>\n<link rel=\"canonical\" href=\"https:\/\/www.develotech.com\/en\/\" \/>\n<meta property=\"og:locale\" content=\"en_US\" \/>\n<meta property=\"og:type\" content=\"article\" \/>\n<meta property=\"og:title\" content=\"Home - Develotech\" \/>\n<meta property=\"og:description\" content=\"[vc_row full_width=&#8221;stretch_row&#8221; css=&#8221;.vc_custom_1488902538924{padding-top: 50px !important;background-color: #ffffff !important;}&#8221;][vc_column][vc_text_separator title=&#8221;Our products&#8221; css=&#8221;.vc_custom_1489506641068{margin-bottom: 0px !important;padding-bottom: 0px !important;}&#8221;][\/vc_column][\/vc_row][vc_row full_width=&#8221;stretch_row&#8221; css=&#8221;.vc_custom_1488904066749{margin-top: 0px !important;padding-top: 0px !important;padding-bottom: 50px !important;background-color: #ffffff !important;}&#8221; el_class=&#8221;produits&#8221;][vc_column width=&#8221;1\/4&#8243;][vc_single_image image=&#8221;283&#8243; img_size=&#8221;full&#8221; alignment=&#8221;center&#8221; onclick=&#8221;custom_link&#8221; link=&#8221;https:\/\/www.develotech.com\/en\/bicycle-path-flexible-bollard\/&#8221;][vc_column_text] Cyclo-Zone&#x2122; flexible bollard The Cyclo-Zone&#x2122; flexible bollard is simply the most resistant bollard on the market. It is the only flexible bollard specifically designed &hellip; Continue reading &quot;Home&quot;\" \/>\n<meta property=\"og:url\" content=\"https:\/\/www.develotech.com\/en\/\" \/>\n<meta property=\"og:site_name\" content=\"Develotech\" \/>\n<meta property=\"article:modified_time\" content=\"2023-04-07T11:26:17+00:00\" \/>\n<meta name=\"twitter:card\" content=\"summary_large_image\" \/>\n<meta name=\"twitter:label1\" content=\"Est. reading time\" \/>\n\t<meta name=\"twitter:data1\" content=\"2 minutes\" \/>\n<script type=\"application\/ld+json\" class=\"yoast-schema-graph\">{\"@context\":\"https:\/\/schema.org\",\"@graph\":[{\"@type\":\"WebPage\",\"@id\":\"https:\/\/www.develotech.com\/en\/\",\"url\":\"https:\/\/www.develotech.com\/en\/\",\"name\":\"Home - Develotech\",\"isPartOf\":{\"@id\":\"https:\/\/www.develotech.com\/#website\"},\"datePublished\":\"2017-03-13T20:06:08+00:00\",\"dateModified\":\"2023-04-07T11:26:17+00:00\",\"breadcrumb\":{\"@id\":\"https:\/\/www.develotech.com\/en\/#breadcrumb\"},\"inLanguage\":\"en-US\",\"potentialAction\":[{\"@type\":\"ReadAction\",\"target\":[\"https:\/\/www.develotech.com\/en\/\"]}]},{\"@type\":\"BreadcrumbList\",\"@id\":\"https:\/\/www.develotech.com\/en\/#breadcrumb\",\"itemListElement\":[{\"@type\":\"ListItem\",\"position\":1,\"name\":\"Accueil\",\"item\":\"https:\/\/www.develotech.com\/en\/\"},{\"@type\":\"ListItem\",\"position\":2,\"name\":\"Home\"}]},{\"@type\":\"WebSite\",\"@id\":\"https:\/\/www.develotech.com\/#website\",\"url\":\"https:\/\/www.develotech.com\/\",\"name\":\"Develotech\",\"description\":\"Balises pour pistes cyclables, traverses pi\u00e9tonni\u00e8res et r\u00e9duction de vitesse\",\"publisher\":{\"@id\":\"https:\/\/www.develotech.com\/#organization\"},\"potentialAction\":[{\"@type\":\"SearchAction\",\"target\":{\"@type\":\"EntryPoint\",\"urlTemplate\":\"https:\/\/www.develotech.com\/?s={search_term_string}\"},\"query-input\":{\"@type\":\"PropertyValueSpecification\",\"valueRequired\":true,\"valueName\":\"search_term_string\"}}],\"inLanguage\":\"en-US\"},{\"@type\":\"Organization\",\"@id\":\"https:\/\/www.develotech.com\/#organization\",\"name\":\"Develotech\",\"url\":\"https:\/\/www.develotech.com\/\",\"logo\":{\"@type\":\"ImageObject\",\"inLanguage\":\"en-US\",\"@id\":\"https:\/\/www.develotech.com\/#\/schema\/logo\/image\/\",\"url\":\"https:\/\/www.develotech.com\/wp-content\/uploads\/2017\/03\/develotech-logo-3.png\",\"contentUrl\":\"https:\/\/www.develotech.com\/wp-content\/uploads\/2017\/03\/develotech-logo-3.png\",\"width\":240,\"height\":50,\"caption\":\"Develotech\"},\"image\":{\"@id\":\"https:\/\/www.develotech.com\/#\/schema\/logo\/image\/\"}}]}<\/script>\n<!-- \/ Yoast SEO plugin. -->","yoast_head_json":{"title":"Home - Develotech","robots":{"index":"index","follow":"follow","max-snippet":"max-snippet:-1","max-image-preview":"max-image-preview:large","max-video-preview":"max-video-preview:-1"},"canonical":"https:\/\/www.develotech.com\/en\/","og_locale":"en_US","og_type":"article","og_title":"Home - Develotech","og_description":"[vc_row full_width=&#8221;stretch_row&#8221; css=&#8221;.vc_custom_1488902538924{padding-top: 50px !important;background-color: #ffffff !important;}&#8221;][vc_column][vc_text_separator title=&#8221;Our products&#8221; css=&#8221;.vc_custom_1489506641068{margin-bottom: 0px !important;padding-bottom: 0px !important;}&#8221;][\/vc_column][\/vc_row][vc_row full_width=&#8221;stretch_row&#8221; css=&#8221;.vc_custom_1488904066749{margin-top: 0px !important;padding-top: 0px !important;padding-bottom: 50px !important;background-color: #ffffff !important;}&#8221; el_class=&#8221;produits&#8221;][vc_column width=&#8221;1\/4&#8243;][vc_single_image image=&#8221;283&#8243; img_size=&#8221;full&#8221; alignment=&#8221;center&#8221; onclick=&#8221;custom_link&#8221; link=&#8221;https:\/\/www.develotech.com\/en\/bicycle-path-flexible-bollard\/&#8221;][vc_column_text] Cyclo-Zone&#x2122; flexible bollard The Cyclo-Zone&#x2122; flexible bollard is simply the most resistant bollard on the market. It is the only flexible bollard specifically designed &hellip; Continue reading \"Home\"","og_url":"https:\/\/www.develotech.com\/en\/","og_site_name":"Develotech","article_modified_time":"2023-04-07T11:26:17+00:00","twitter_card":"summary_large_image","twitter_misc":{"Est. reading time":"2 minutes"},"schema":{"@context":"https:\/\/schema.org","@graph":[{"@type":"WebPage","@id":"https:\/\/www.develotech.com\/en\/","url":"https:\/\/www.develotech.com\/en\/","name":"Home - Develotech","isPartOf":{"@id":"https:\/\/www.develotech.com\/#website"},"datePublished":"2017-03-13T20:06:08+00:00","dateModified":"2023-04-07T11:26:17+00:00","breadcrumb":{"@id":"https:\/\/www.develotech.com\/en\/#breadcrumb"},"inLanguage":"en-US","potentialAction":[{"@type":"ReadAction","target":["https:\/\/www.develotech.com\/en\/"]}]},{"@type":"BreadcrumbList","@id":"https:\/\/www.develotech.com\/en\/#breadcrumb","itemListElement":[{"@type":"ListItem","position":1,"name":"Accueil","item":"https:\/\/www.develotech.com\/en\/"},{"@type":"ListItem","position":2,"name":"Home"}]},{"@type":"WebSite","@id":"https:\/\/www.develotech.com\/#website","url":"https:\/\/www.develotech.com\/","name":"Develotech","description":"Balises pour pistes cyclables, traverses pi\u00e9tonni\u00e8res et r\u00e9duction de vitesse","publisher":{"@id":"https:\/\/www.develotech.com\/#organization"},"potentialAction":[{"@type":"SearchAction","target":{"@type":"EntryPoint","urlTemplate":"https:\/\/www.develotech.com\/?s={search_term_string}"},"query-input":{"@type":"PropertyValueSpecification","valueRequired":true,"valueName":"search_term_string"}}],"inLanguage":"en-US"},{"@type":"Organization","@id":"https:\/\/www.develotech.com\/#organization","name":"Develotech","url":"https:\/\/www.develotech.com\/","logo":{"@type":"ImageObject","inLanguage":"en-US","@id":"https:\/\/www.develotech.com\/#\/schema\/logo\/image\/","url":"https:\/\/www.develotech.com\/wp-content\/uploads\/2017\/03\/develotech-logo-3.png","contentUrl":"https:\/\/www.develotech.com\/wp-content\/uploads\/2017\/03\/develotech-logo-3.png","width":240,"height":50,"caption":"Develotech"},"image":{"@id":"https:\/\/www.develotech.com\/#\/schema\/logo\/image\/"}}]}},"_links":{"self":[{"href":"https:\/\/www.develotech.com\/en\/wp-json\/wp\/v2\/pages\/435","targetHints":{"allow":["GET"]}}],"collection":[{"href":"https:\/\/www.develotech.com\/en\/wp-json\/wp\/v2\/pages"}],"about":[{"href":"https:\/\/www.develotech.com\/en\/wp-json\/wp\/v2\/types\/page"}],"author":[{"embeddable":true,"href":"https:\/\/www.develotech.com\/en\/wp-json\/wp\/v2\/users\/1"}],"replies":[{"embeddable":true,"href":"https:\/\/www.develotech.com\/en\/wp-json\/wp\/v2\/comments?post=435"}],"version-history":[{"count":29,"href":"https:\/\/www.develotech.com\/en\/wp-json\/wp\/v2\/pages\/435\/revisions"}],"predecessor-version":[{"id":1944,"href":"https:\/\/www.develotech.com\/en\/wp-json\/wp\/v2\/pages\/435\/revisions\/1944"}],"wp:attachment":[{"href":"https:\/\/www.develotech.com\/en\/wp-json\/wp\/v2\/media?parent=435"}],"curies":[{"name":"wp","href":"https:\/\/api.w.org\/{rel}","templated":true}]}}